{"id":15230,"date":"2022-06-27T03:12:48","date_gmt":"2022-06-27T03:12:48","guid":{"rendered":"https:\/\/eduma.thimpress.com\/?post_type=product&#038;p=15230"},"modified":"2025-06-17T07:33:08","modified_gmt":"2025-06-17T07:33:08","slug":"testdaf-vorbereitung-ist-alles","status":"publish","type":"product","link":"https:\/\/sprachzentrale.de\/en\/produkt\/testdaf-vorbereitung-ist-alles\/","title":{"rendered":"TestDaF: Vorbereitung ist alles! Erfolgreich im m\u00fcndlichen Ausdruck"},"content":{"rendered":"<p>In diesem elektronischen Buch (E-Book) wird nicht nur die m\u00fcndliche Pr\u00fcfung im Detail erkl\u00e4rt! Sie erfahren, wie Sie die einzelnen Aufgaben erfolgreich bearbeiten, lernen Strategien, passende Redemittel und k\u00f6nnen trainieren, indem Sie authentische Aufgaben bearbeiten. Buchen Sie doch ein Einzeltraining, wenn Sie pers\u00f6nliche Korrekturen Ihrer Leistung und individuelles Feedback m\u00f6chten! Viel Erfolg bei der Vorbereitung!<\/p>\n<p>Dieses Buch wird Ihnen nach Abschluss der Bestellung als Download zur Verf\u00fcgung gestellt.<\/p>\n","protected":false},"excerpt":{"rendered":"<p>Mit diesem Buch lernen Sie alles, um die m\u00fcndliche papierbasierte TestDaF-Pr\u00fcfung zu bestehen!<\/p>\n","protected":false},"featured_media":19919,"template":"","meta":[],"product_brand":[],"product_cat":[241,26],"product_tag":[239,240,238],"class_list":{"0":"post-15230","1":"product","2":"type-product","3":"status-publish","4":"has-post-thumbnail","6":"product_cat-pruefungsvorbereitung","7":"product_cat-unkategorisiert","8":"product_tag-pruefungstraining","9":"product_tag-pruefungsvorbereitung","10":"product_tag-testdaf","12":"first","13":"instock","14":"downloadable","15":"virtual","16":"purchasable","17":"product-type-simple"},"jetpack_sharing_enabled":true,"_links":{"self":[{"href":"https:\/\/sprachzentrale.de\/en\/wp-json\/wp\/v2\/product\/15230","targetHints":{"allow":["GET"]}}],"collection":[{"href":"https:\/\/sprachzentrale.de\/en\/wp-json\/wp\/v2\/product"}],"about":[{"href":"https:\/\/sprachzentrale.de\/en\/wp-json\/wp\/v2\/types\/product"}],"wp:featuredmedia":[{"embeddable":true,"href":"https:\/\/sprachzentrale.de\/en\/wp-json\/wp\/v2\/media\/19919"}],"wp:attachment":[{"href":"https:\/\/sprachzentrale.de\/en\/wp-json\/wp\/v2\/media?parent=15230"}],"wp:term":[{"taxonomy":"product_brand","embeddable":true,"href":"https:\/\/sprachzentrale.de\/en\/wp-json\/wp\/v2\/product_brand?post=15230"},{"taxonomy":"product_cat","embeddable":true,"href":"https:\/\/sprachzentrale.de\/en\/wp-json\/wp\/v2\/product_cat?post=15230"},{"taxonomy":"product_tag","embeddable":true,"href":"https:\/\/sprachzentrale.de\/en\/wp-json\/wp\/v2\/product_tag?post=15230"}],"curies":[{"name":"wp","href":"https:\/\/api.w.org\/{rel}","templated":true}]}}